{"id":335,"date":"2018-01-22T15:09:43","date_gmt":"2018-01-22T19:09:43","guid":{"rendered":"http:\/\/ayuntamiento.o\/transparencia\/?page_id=335"},"modified":"2020-12-28T11:39:54","modified_gmt":"2020-12-28T15:39:54","slug":"lista-de-proveedores","status":"publish","type":"page","link":"https:\/\/ayuntamientosabaneta.gob.do\/transparencia\/lista-de-proveedores\/","title":{"rendered":"Lista de proveedores"},"content":{"rendered":"<ol>\n<li>Ferreter\u00eda Los Maestros.<\/li>\n<li>Ferreter\u00eda Central.<\/li>\n<li>Ferreter\u00eda Rolaysa.<\/li>\n<li>Gabriela Motors.<\/li>\n<li>Soluciones Rhina.<\/li>\n<li>Supermercado San Luis.<\/li>\n<li>Centro Agropecuario El Ganadero.<\/li>\n<li>Farmac\u00eda Ananias.<\/li>\n<li>Suplidora Obed.<\/li>\n<li>\u00d1ey Pica Pollo.<\/li>\n<li>Parador\u00a0\u00d1ey.<\/li>\n<li>Farmac\u00eda Mirian.<\/li>\n<li>Farmac\u00eda Ivanny.<\/li>\n<li>Ferreter\u00eda Papo.<\/li>\n<li>Minimarket J\u00edmenez.<\/li>\n<li>Nacho Tire Import.<\/li>\n<li>Mega Plast SRL.<\/li>\n<li>Alex Publicidad.<\/li>\n<li>Librer\u00eda Mary.<\/li>\n<li>Comedor Los Paticas.<\/li>\n<li>Respuestos Ram\u00edrez.<\/li>\n<li>Funeraria Santa Clara.<\/li>\n<\/ol>\n","protected":false},"excerpt":{"rendered":"Ferreter\u00eda Los Maestros. Ferreter\u00eda Central. Ferreter\u00eda Rolaysa. Gabriela Motors. Soluciones Rhina. Supermercado San Luis. Centro Agropecuario El Ganadero. Farmac\u00eda Ananias. Suplidora Obed. \u00d1ey Pica Pollo. Parador\u00a0\u00d1ey. Farmac\u00eda Mirian. Farmac\u00eda Ivanny. Ferreter\u00eda Papo. Minimarket J\u00edmenez. Nacho Tire Import. Mega Plast SRL. Alex Publicidad. Librer\u00eda Mary. Comedor Los Paticas. Respuestos Ram\u00edrez. Funeraria Santa Clara.","protected":false},"author":3,"featured_media":0,"parent":0,"menu_order":0,"comment_status":"closed","ping_status":"closed","template":"","meta":[],"acf":[],"_links":{"self":[{"href":"https:\/\/ayuntamientosabaneta.gob.do\/transparencia\/wp-json\/wp\/v2\/pages\/335"}],"collection":[{"href":"https:\/\/ayuntamientosabaneta.gob.do\/transparencia\/wp-json\/wp\/v2\/pages"}],"about":[{"href":"https:\/\/ayuntamientosabaneta.gob.do\/transparencia\/wp-json\/wp\/v2\/types\/page"}],"author":[{"embeddable":true,"href":"https:\/\/ayuntamientosabaneta.gob.do\/transparencia\/wp-json\/wp\/v2\/users\/3"}],"replies":[{"embeddable":true,"href":"https:\/\/ayuntamientosabaneta.gob.do\/transparencia\/wp-json\/wp\/v2\/comments?post=335"}],"version-history":[{"count":4,"href":"https:\/\/ayuntamientosabaneta.gob.do\/transparencia\/wp-json\/wp\/v2\/pages\/335\/revisions"}],"predecessor-version":[{"id":402,"href":"https:\/\/ayuntamientosabaneta.gob.do\/transparencia\/wp-json\/wp\/v2\/pages\/335\/revisions\/402"}],"wp:attachment":[{"href":"https:\/\/ayuntamientosabaneta.gob.do\/transparencia\/wp-json\/wp\/v2\/media?parent=335"}],"curies":[{"name":"wp","href":"https:\/\/api.w.org\/{rel}","templated":true}]}}