{"id":258,"date":"2018-01-22T10:17:40","date_gmt":"2018-01-22T14:17:40","guid":{"rendered":"http:\/\/ayuntamiento.o\/transparencia\/?page_id=258"},"modified":"2025-10-09T11:56:41","modified_gmt":"2025-10-09T15:56:41","slug":"responsable-de-acceso-a-la-informacion","status":"publish","type":"page","link":"https:\/\/ayuntamientosabaneta.gob.do\/transparencia\/responsable-de-acceso-a-la-informacion\/","title":{"rendered":"Responsable de Acceso a la Informaci\u00f3n"},"content":{"rendered":"\n<p><strong>Andy Garc\u00eda Rodr\u00edguez<\/strong><\/p>\n<p>Responsable de Acceso a la Informaci\u00f3n Municipal (RAIM)<\/p>\n<p><strong>Tel\u00e9fono:<\/strong> 809-382-9228<\/p>\n<p><strong>Extensi\u00f3n:<\/strong> 237<\/p>\n<p><strong>Calle:<\/strong> Alejandro Bueno #5, San Ignacio de Sabaneta, Santiago Rodriguez.<\/p>\n<p><strong>Correo:<\/strong>\u00a0\u00a0<a href=\"http:\/\/ayuntamientodesabaneta.gob.do\/\">ayuntamientodesabaneta.gob.do<\/a><\/p>\n","protected":false},"excerpt":{"rendered":"Andy Garc\u00eda Rodr\u00edguez Responsable de Acceso a la Informaci\u00f3n Municipal (RAIM) Tel\u00e9fono: 809-382-9228 Extensi\u00f3n: 237 Calle: Alejandro Bueno #5, San Ignacio de Sabaneta, Santiago Rodriguez. Correo:\u00a0\u00a0ayuntamientodesabaneta.gob.do","protected":false},"author":3,"featured_media":0,"parent":0,"menu_order":0,"comment_status":"closed","ping_status":"closed","template":"","meta":[],"acf":[],"_links":{"self":[{"href":"https:\/\/ayuntamientosabaneta.gob.do\/transparencia\/wp-json\/wp\/v2\/pages\/258"}],"collection":[{"href":"https:\/\/ayuntamientosabaneta.gob.do\/transparencia\/wp-json\/wp\/v2\/pages"}],"about":[{"href":"https:\/\/ayuntamientosabaneta.gob.do\/transparencia\/wp-json\/wp\/v2\/types\/page"}],"author":[{"embeddable":true,"href":"https:\/\/ayuntamientosabaneta.gob.do\/transparencia\/wp-json\/wp\/v2\/users\/3"}],"replies":[{"embeddable":true,"href":"https:\/\/ayuntamientosabaneta.gob.do\/transparencia\/wp-json\/wp\/v2\/comments?post=258"}],"version-history":[{"count":10,"href":"https:\/\/ayuntamientosabaneta.gob.do\/transparencia\/wp-json\/wp\/v2\/pages\/258\/revisions"}],"predecessor-version":[{"id":2187,"href":"https:\/\/ayuntamientosabaneta.gob.do\/transparencia\/wp-json\/wp\/v2\/pages\/258\/revisions\/2187"}],"wp:attachment":[{"href":"https:\/\/ayuntamientosabaneta.gob.do\/transparencia\/wp-json\/wp\/v2\/media?parent=258"}],"curies":[{"name":"wp","href":"https:\/\/api.w.org\/{rel}","templated":true}]}}